{"id":9,"date":"2022-09-09T14:45:47","date_gmt":"2022-09-09T14:45:47","guid":{"rendered":"https:\/\/www.ricambimoto.pinerolo.torino.it\/?page_id=9"},"modified":"2022-09-12T06:35:30","modified_gmt":"2022-09-12T06:35:30","slug":"chi-siamo","status":"publish","type":"page","link":"https:\/\/www.ricambimoto.pinerolo.torino.it\/?page_id=9","title":{"rendered":"Chi siamo"},"content":{"rendered":"\t\t<div data-elementor-type=\"wp-page\" data-elementor-id=\"9\" class=\"elementor elementor-9\" data-elementor-post-type=\"page\">\n\t\t\t\t\t\t<section class=\"elementor-section elementor-top-section elementor-element elementor-element-58cafcb elementor-section-boxed elementor-section-height-default elementor-section-height-default\" data-id=\"58cafcb\" data-element_type=\"section\" data-e-type=\"section\" data-settings=\"{&quot;background_background&quot;:&quot;classic&quot;}\">\n\t\t\t\t\t\t<div class=\"elementor-container elementor-column-gap-default\">\n\t\t\t\t\t<div class=\"elementor-column elementor-col-50 elementor-top-column elementor-element elementor-element-1e5e4cc elementor-hidden-tablet elementor-hidden-mobile\" data-id=\"1e5e4cc\" data-element_type=\"column\" data-e-type=\"column\" data-settings=\"{&quot;background_background&quot;:&quot;classic&quot;}\">\n\t\t\t<div class=\"elementor-widget-wrap elementor-element-populated\">\n\t\t\t\t\t\t<div class=\"elementor-element elementor-element-01888ba elementor-nav-menu--dropdown-tablet elementor-nav-menu__text-align-aside elementor-nav-menu--toggle elementor-nav-menu--burger elementor-widget elementor-widget-nav-menu\" data-id=\"01888ba\" data-element_type=\"widget\" data-e-type=\"widget\" data-settings=\"{&quot;layout&quot;:&quot;vertical&quot;,&quot;submenu_icon&quot;:{&quot;value&quot;:&quot;&lt;i class=\\&quot;fas fa-caret-down\\&quot; aria-hidden=\\&quot;true\\&quot;&gt;&lt;\\\/i&gt;&quot;,&quot;library&quot;:&quot;fa-solid&quot;},&quot;toggle&quot;:&quot;burger&quot;}\" data-widget_type=\"nav-menu.default\">\n\t\t\t\t<div class=\"elementor-widget-container\">\n\t\t\t\t\t\t\t\t<nav aria-label=\"Menu\" class=\"elementor-nav-menu--main elementor-nav-menu__container elementor-nav-menu--layout-vertical e--pointer-underline e--animation-fade\">\n\t\t\t\t<ul id=\"menu-1-01888ba\" class=\"elementor-nav-menu sm-vertical\"><li class=\"menu-item menu-item-type-post_type menu-item-object-page menu-item-home menu-item-137\"><a href=\"https:\/\/www.ricambimoto.pinerolo.torino.it\/\" class=\"elementor-item\">Home<\/a><\/li>\n<li class=\"menu-item menu-item-type-post_type menu-item-object-page menu-item-17\"><a href=\"https:\/\/www.ricambimoto.pinerolo.torino.it\/?page_id=9\" class=\"elementor-item\">Chi siamo<\/a><\/li>\n<li class=\"menu-item menu-item-type-post_type menu-item-object-page menu-item-131\"><a href=\"https:\/\/www.ricambimoto.pinerolo.torino.it\/?page_id=104\" class=\"elementor-item\">Cosa facciamo<\/a><\/li>\n<li class=\"menu-item menu-item-type-post_type menu-item-object-page menu-item-130\"><a href=\"https:\/\/www.ricambimoto.pinerolo.torino.it\/?page_id=108\" class=\"elementor-item\">Gallery<\/a><\/li>\n<li class=\"menu-item menu-item-type-post_type menu-item-object-page menu-item-136\"><a href=\"https:\/\/www.ricambimoto.pinerolo.torino.it\/?page_id=124\" class=\"elementor-item\">Tour Virtuale<\/a><\/li>\n<li class=\"menu-item menu-item-type-post_type menu-item-object-page menu-item-129\"><a href=\"https:\/\/www.ricambimoto.pinerolo.torino.it\/?page_id=110\" class=\"elementor-item\">Contatti<\/a><\/li>\n<\/ul>\t\t\t<\/nav>\n\t\t\t\t\t<div class=\"elementor-menu-toggle\" role=\"button\" tabindex=\"0\" aria-label=\"Menu di commutazione\" aria-expanded=\"false\">\n\t\t\t<i aria-hidden=\"true\" role=\"presentation\" class=\"elementor-menu-toggle__icon--open eicon-menu-bar\"><\/i><i aria-hidden=\"true\" role=\"presentation\" class=\"elementor-menu-toggle__icon--close eicon-close\"><\/i>\t\t<\/div>\n\t\t\t\t\t<nav class=\"elementor-nav-menu--dropdown elementor-nav-menu__container\" aria-hidden=\"true\">\n\t\t\t\t<ul id=\"menu-2-01888ba\" class=\"elementor-nav-menu sm-vertical\"><li class=\"menu-item menu-item-type-post_type menu-item-object-page menu-item-home menu-item-137\"><a href=\"https:\/\/www.ricambimoto.pinerolo.torino.it\/\" class=\"elementor-item\" tabindex=\"-1\">Home<\/a><\/li>\n<li class=\"menu-item menu-item-type-post_type menu-item-object-page menu-item-17\"><a href=\"https:\/\/www.ricambimoto.pinerolo.torino.it\/?page_id=9\" class=\"elementor-item\" tabindex=\"-1\">Chi siamo<\/a><\/li>\n<li class=\"menu-item menu-item-type-post_type menu-item-object-page menu-item-131\"><a href=\"https:\/\/www.ricambimoto.pinerolo.torino.it\/?page_id=104\" class=\"elementor-item\" tabindex=\"-1\">Cosa facciamo<\/a><\/li>\n<li class=\"menu-item menu-item-type-post_type menu-item-object-page menu-item-130\"><a href=\"https:\/\/www.ricambimoto.pinerolo.torino.it\/?page_id=108\" class=\"elementor-item\" tabindex=\"-1\">Gallery<\/a><\/li>\n<li class=\"menu-item menu-item-type-post_type menu-item-object-page menu-item-136\"><a href=\"https:\/\/www.ricambimoto.pinerolo.torino.it\/?page_id=124\" class=\"elementor-item\" tabindex=\"-1\">Tour Virtuale<\/a><\/li>\n<li class=\"menu-item menu-item-type-post_type menu-item-object-page menu-item-129\"><a href=\"https:\/\/www.ricambimoto.pinerolo.torino.it\/?page_id=110\" class=\"elementor-item\" tabindex=\"-1\">Contatti<\/a><\/li>\n<\/ul>\t\t\t<\/nav>\n\t\t\t\t\t\t<\/div>\n\t\t\t\t<\/div>\n\t\t\t\t<div class=\"elementor-element elementor-element-0734406 elementor-view-default elementor-widget elementor-widget-icon\" data-id=\"0734406\" data-element_type=\"widget\" data-e-type=\"widget\" data-widget_type=\"icon.default\">\n\t\t\t\t<div class=\"elementor-widget-container\">\n\t\t\t\t\t\t\t<div class=\"elementor-icon-wrapper\">\n\t\t\t<div class=\"elementor-icon\">\n\t\t\t<i aria-hidden=\"true\" class=\"fab fa-youtube\"><\/i>\t\t\t<\/div>\n\t\t<\/div>\n\t\t\t\t\t\t<\/div>\n\t\t\t\t<\/div>\n\t\t\t\t<div class=\"elementor-element elementor-element-794af62 elementor-widget elementor-widget-google_maps\" data-id=\"794af62\" data-element_type=\"widget\" data-e-type=\"widget\" data-widget_type=\"google_maps.default\">\n\t\t\t\t<div class=\"elementor-widget-container\">\n\t\t\t\t\t\t\t<div class=\"elementor-custom-embed\">\n\t\t\t<iframe loading=\"lazy\"\n\t\t\t\t\tsrc=\"https:\/\/maps.google.com\/maps?q=Via%20Saluzzo%2C%2013%20pinerolo&#038;t=m&#038;z=16&#038;output=embed&#038;iwloc=near\"\n\t\t\t\t\ttitle=\"Via Saluzzo, 13 pinerolo\"\n\t\t\t\t\taria-label=\"Via Saluzzo, 13 pinerolo\"\n\t\t\t><\/iframe>\n\t\t<\/div>\n\t\t\t\t\t\t<\/div>\n\t\t\t\t<\/div>\n\t\t\t\t\t<\/div>\n\t\t<\/div>\n\t\t\t\t<div class=\"elementor-column elementor-col-50 elementor-top-column elementor-element elementor-element-639bb1c\" data-id=\"639bb1c\" data-element_type=\"column\" data-e-type=\"column\">\n\t\t\t<div class=\"elementor-widget-wrap elementor-element-populated\">\n\t\t\t\t\t\t<div class=\"elementor-element elementor-element-378555b elementor-widget elementor-widget-heading\" data-id=\"378555b\" data-element_type=\"widget\" data-e-type=\"widget\" data-widget_type=\"heading.default\">\n\t\t\t\t<div class=\"elementor-widget-container\">\n\t\t\t\t\t<h2 class=\"elementor-heading-title elementor-size-default\">Motoricambi Oraf Pinerolo<\/h2>\t\t\t\t<\/div>\n\t\t\t\t<\/div>\n\t\t\t\t<div class=\"elementor-element elementor-element-bd93cee elementor-widget-divider--view-line elementor-widget elementor-widget-divider\" data-id=\"bd93cee\" data-element_type=\"widget\" data-e-type=\"widget\" data-widget_type=\"divider.default\">\n\t\t\t\t<div class=\"elementor-widget-container\">\n\t\t\t\t\t\t\t<div class=\"elementor-divider\">\n\t\t\t<span class=\"elementor-divider-separator\">\n\t\t\t\t\t\t<\/span>\n\t\t<\/div>\n\t\t\t\t\t\t<\/div>\n\t\t\t\t<\/div>\n\t\t\t\t<section class=\"elementor-section elementor-inner-section elementor-element elementor-element-a70ad28 elementor-section-height-min-height elementor-section-boxed elementor-section-height-default\" data-id=\"a70ad28\" data-element_type=\"section\" data-e-type=\"section\">\n\t\t\t\t\t\t\t<div class=\"elementor-background-overlay\"><\/div>\n\t\t\t\t\t\t\t<div class=\"elementor-container elementor-column-gap-default\">\n\t\t\t\t\t<div class=\"elementor-column elementor-col-100 elementor-inner-column elementor-element elementor-element-46a307e\" data-id=\"46a307e\" data-element_type=\"column\" data-e-type=\"column\">\n\t\t\t<div class=\"elementor-widget-wrap elementor-element-populated\">\n\t\t\t\t\t\t<div class=\"elementor-element elementor-element-fcfb7c6 elementor-widget elementor-widget-heading\" data-id=\"fcfb7c6\" data-element_type=\"widget\" data-e-type=\"widget\" data-widget_type=\"heading.default\">\n\t\t\t\t<div class=\"elementor-widget-container\">\n\t\t\t\t\t<h2 class=\"elementor-heading-title elementor-size-default\">Da oltre 20 anni leader nel settore dei ricambi moto\n \n<\/h2>\t\t\t\t<\/div>\n\t\t\t\t<\/div>\n\t\t\t\t\t<\/div>\n\t\t<\/div>\n\t\t\t\t\t<\/div>\n\t\t<\/section>\n\t\t\t\t<div class=\"elementor-element elementor-element-9cf2e93 elementor-widget-divider--view-line elementor-widget elementor-widget-divider\" data-id=\"9cf2e93\" data-element_type=\"widget\" data-e-type=\"widget\" data-widget_type=\"divider.default\">\n\t\t\t\t<div class=\"elementor-widget-container\">\n\t\t\t\t\t\t\t<div class=\"elementor-divider\">\n\t\t\t<span class=\"elementor-divider-separator\">\n\t\t\t\t\t\t<\/span>\n\t\t<\/div>\n\t\t\t\t\t\t<\/div>\n\t\t\t\t<\/div>\n\t\t\t\t<section class=\"elementor-section elementor-inner-section elementor-element elementor-element-963ccdf elementor-section-boxed elementor-section-height-default elementor-section-height-default\" data-id=\"963ccdf\" data-element_type=\"section\" data-e-type=\"section\">\n\t\t\t\t\t\t<div class=\"elementor-container elementor-column-gap-default\">\n\t\t\t\t\t<div class=\"elementor-column elementor-col-50 elementor-inner-column elementor-element elementor-element-653694f\" data-id=\"653694f\" data-element_type=\"column\" data-e-type=\"column\">\n\t\t\t<div class=\"elementor-widget-wrap elementor-element-populated\">\n\t\t\t\t\t\t<div class=\"elementor-element elementor-element-b7b4071 elementor-widget elementor-widget-text-editor\" data-id=\"b7b4071\" data-element_type=\"widget\" data-e-type=\"widget\" data-widget_type=\"text-editor.default\">\n\t\t\t\t<div class=\"elementor-widget-container\">\n\t\t\t\t\t\t\t\t\t<p>La passione del sig. Fabrizio Rista per il mondo delle moto e dei motori in generale \u00e8 di lunga data: gi\u00e0 nel 1985, infatti, l\u2019attuale titolare di <strong>Motoricambi Oraf a Pinerolo<\/strong> gestiva un\u2019officina di riparazioni moto nella provincia di Torino. Nel 1997 il sig. Fabrizio decise di rilevare l\u2019attivit\u00e0 di cui si occupa attualmente, diventando fin da subito un importante punto di riferimento a disposizione di tutti coloro che cercano ricambi multimarca per motociclette e scooter a Pinerolo e dintorni.<\/p>\t\t\t\t\t\t\t\t<\/div>\n\t\t\t\t<\/div>\n\t\t\t\t<div class=\"elementor-element elementor-element-07be457 elementor-widget-divider--view-line elementor-widget elementor-widget-divider\" data-id=\"07be457\" data-element_type=\"widget\" data-e-type=\"widget\" data-widget_type=\"divider.default\">\n\t\t\t\t<div class=\"elementor-widget-container\">\n\t\t\t\t\t\t\t<div class=\"elementor-divider\">\n\t\t\t<span class=\"elementor-divider-separator\">\n\t\t\t\t\t\t<\/span>\n\t\t<\/div>\n\t\t\t\t\t\t<\/div>\n\t\t\t\t<\/div>\n\t\t\t\t<div class=\"elementor-element elementor-element-11bf98b elementor-widget elementor-widget-text-editor\" data-id=\"11bf98b\" data-element_type=\"widget\" data-e-type=\"widget\" data-widget_type=\"text-editor.default\">\n\t\t\t\t<div class=\"elementor-widget-container\">\n\t\t\t\t\t\t\t\t\t<p><br \/>La professionalit\u00e0 e la competenza del sig. Fabrizio, unite al vasto assortimento di accessori e ricambi per moto, motocross e scooter, rappresentano il vero valore aggiunto della nostra attivit\u00e0, in grado di proporre i migliori marchi e prodotti a costi vantaggiosi e competitivi. Il negozio, ampio circa 50 mq, si trova in Via Saluzzo n.13, nei pressi del Cinema Italia. Siamo sempre pronti a sostenerti in questa straordinaria passione.<\/p>\t\t\t\t\t\t\t\t<\/div>\n\t\t\t\t<\/div>\n\t\t\t\t\t<\/div>\n\t\t<\/div>\n\t\t\t\t<div class=\"elementor-column elementor-col-50 elementor-inner-column elementor-element elementor-element-e0d0076\" data-id=\"e0d0076\" data-element_type=\"column\" data-e-type=\"column\">\n\t\t\t<div class=\"elementor-widget-wrap elementor-element-populated\">\n\t\t\t\t\t\t<div class=\"elementor-element elementor-element-3bd2b92 elementor-widget elementor-widget-heading\" data-id=\"3bd2b92\" data-element_type=\"widget\" data-e-type=\"widget\" data-widget_type=\"heading.default\">\n\t\t\t\t<div class=\"elementor-widget-container\">\n\t\t\t\t\t<span class=\"elementor-heading-title elementor-size-default\">Tra i nostri brand:<\/span>\t\t\t\t<\/div>\n\t\t\t\t<\/div>\n\t\t\t\t<div class=\"elementor-element elementor-element-9fceb09 elementor-widget elementor-widget-text-editor\" data-id=\"9fceb09\" data-element_type=\"widget\" data-e-type=\"widget\" data-widget_type=\"text-editor.default\">\n\t\t\t\t<div class=\"elementor-widget-container\">\n\t\t\t\t\t\t\t\t\t<ul><li>Brembo (<em>pastiglie per i freni<\/em>)<\/li><li>Polini (<em>trasformazioni e cilindri<\/em>)<\/li><li>Malossi (<em>componentistica<\/em>)<\/li><li>Dunlop, Pirelli, Michelin (<em>pneumatici<\/em>)<\/li><li>Motul, Castrol, Motorex (<em>lubrificanti<\/em>)<\/li><li>Racetech (<em>plastiche<\/em>)<\/li><li>Giannelli, LeoVince (<em>marmitte<\/em>)<\/li><li>ProGrip (<em>accessori<\/em>)<\/li><li>PBR (<em>corone e pignoni<\/em>)<\/li><li>Yuasa (<em>batterie<\/em>)<\/li><li>Twinair, HiFlo (<em>filtri e filtri olio<\/em>)<\/li><li>AXO (<em>abbigliamento tecnico<\/em>)<\/li><\/ul>\t\t\t\t\t\t\t\t<\/div>\n\t\t\t\t<\/div>\n\t\t\t\t\t<\/div>\n\t\t<\/div>\n\t\t\t\t\t<\/div>\n\t\t<\/section>\n\t\t\t\t<section class=\"elementor-section elementor-inner-section elementor-element elementor-element-8d65dbe elementor-section-boxed elementor-section-height-default elementor-section-height-default\" data-id=\"8d65dbe\" data-element_type=\"section\" data-e-type=\"section\" data-settings=\"{&quot;background_background&quot;:&quot;classic&quot;}\">\n\t\t\t\t\t\t<div class=\"elementor-container elementor-column-gap-default\">\n\t\t\t\t\t<div class=\"elementor-column elementor-col-50 elementor-inner-column elementor-element elementor-element-bad5230\" data-id=\"bad5230\" data-element_type=\"column\" data-e-type=\"column\">\n\t\t\t<div class=\"elementor-widget-wrap elementor-element-populated\">\n\t\t\t\t\t\t<div class=\"elementor-element elementor-element-57bf4f0 elementor-widget elementor-widget-image\" data-id=\"57bf4f0\" data-element_type=\"widget\" data-e-type=\"widget\" data-widget_type=\"image.default\">\n\t\t\t\t<div class=\"elementor-widget-container\">\n\t\t\t\t\t\t\t\t\t\t\t\t\t\t\t<img fetchpriority=\"high\" decoding=\"async\" width=\"600\" height=\"400\" src=\"https:\/\/www.ricambimoto.pinerolo.torino.it\/wp-content\/uploads\/2022\/09\/450.png\" class=\"attachment-large size-large wp-image-161\" alt=\"ducati\" srcset=\"https:\/\/www.ricambimoto.pinerolo.torino.it\/wp-content\/uploads\/2022\/09\/450.png 600w, https:\/\/www.ricambimoto.pinerolo.torino.it\/wp-content\/uploads\/2022\/09\/450-300x200.png 300w\" sizes=\"(max-width: 600px) 100vw, 600px\" \/>\t\t\t\t\t\t\t\t\t\t\t\t\t\t\t<\/div>\n\t\t\t\t<\/div>\n\t\t\t\t\t<\/div>\n\t\t<\/div>\n\t\t\t\t<div class=\"elementor-column elementor-col-50 elementor-inner-column elementor-element elementor-element-e6a6e25\" data-id=\"e6a6e25\" data-element_type=\"column\" data-e-type=\"column\" data-settings=\"{&quot;background_background&quot;:&quot;classic&quot;}\">\n\t\t\t<div class=\"elementor-widget-wrap elementor-element-populated\">\n\t\t\t\t\t\t<div class=\"elementor-element elementor-element-00bb3bf elementor-widget elementor-widget-text-editor\" data-id=\"00bb3bf\" data-element_type=\"widget\" data-e-type=\"widget\" data-widget_type=\"text-editor.default\">\n\t\t\t\t<div class=\"elementor-widget-container\">\n\t\t\t\t\t\t\t\t\t<p>Sempre attenti ai cambiamenti e alla novit\u00e0, siamo costantemente alla ricerca di prodotti di eccellente qualit\u00e0 da offrire ai nostri clienti. Servizio accurato, completo e personalizzato per soddisfare anche i centauri pi\u00f9 esigenti.<\/p>\t\t\t\t\t\t\t\t<\/div>\n\t\t\t\t<\/div>\n\t\t\t\t\t<\/div>\n\t\t<\/div>\n\t\t\t\t\t<\/div>\n\t\t<\/section>\n\t\t\t\t<div class=\"elementor-element elementor-element-26a21db elementor-widget-divider--view-line elementor-widget elementor-widget-divider\" data-id=\"26a21db\" data-element_type=\"widget\" data-e-type=\"widget\" data-widget_type=\"divider.default\">\n\t\t\t\t<div class=\"elementor-widget-container\">\n\t\t\t\t\t\t\t<div class=\"elementor-divider\">\n\t\t\t<span class=\"elementor-divider-separator\">\n\t\t\t\t\t\t<\/span>\n\t\t<\/div>\n\t\t\t\t\t\t<\/div>\n\t\t\t\t<\/div>\n\t\t\t\t<section class=\"elementor-section elementor-inner-section elementor-element elementor-element-bc4bc8e elementor-section-boxed elementor-section-height-default elementor-section-height-default\" data-id=\"bc4bc8e\" data-element_type=\"section\" data-e-type=\"section\" data-settings=\"{&quot;background_background&quot;:&quot;classic&quot;}\">\n\t\t\t\t\t\t<div class=\"elementor-container elementor-column-gap-default\">\n\t\t\t\t\t<div class=\"elementor-column elementor-col-50 elementor-inner-column elementor-element elementor-element-338a196\" data-id=\"338a196\" data-element_type=\"column\" data-e-type=\"column\" data-settings=\"{&quot;background_background&quot;:&quot;classic&quot;}\">\n\t\t\t<div class=\"elementor-widget-wrap elementor-element-populated\">\n\t\t\t\t\t\t<div class=\"elementor-element elementor-element-9c1fa2d elementor-widget elementor-widget-text-editor\" data-id=\"9c1fa2d\" data-element_type=\"widget\" data-e-type=\"widget\" data-widget_type=\"text-editor.default\">\n\t\t\t\t<div class=\"elementor-widget-container\">\n\t\t\t\t\t\t\t\t\t<p>La diversificazione della merce in vendita \u00e8 da sempre uno dei punti di forza dell\u2019attivit\u00e0 piemontese: ammortizzatori, batterie, candele, cavalletti, dischi freno, fanali e frecce, rulli, specchietti, tamburi freno, manopole e tanto altro.<\/p>\t\t\t\t\t\t\t\t<\/div>\n\t\t\t\t<\/div>\n\t\t\t\t\t<\/div>\n\t\t<\/div>\n\t\t\t\t<div class=\"elementor-column elementor-col-50 elementor-inner-column elementor-element elementor-element-9248ace\" data-id=\"9248ace\" data-element_type=\"column\" data-e-type=\"column\">\n\t\t\t<div class=\"elementor-widget-wrap elementor-element-populated\">\n\t\t\t\t\t\t<div class=\"elementor-element elementor-element-4d7232c elementor-widget elementor-widget-image\" data-id=\"4d7232c\" data-element_type=\"widget\" data-e-type=\"widget\" data-widget_type=\"image.default\">\n\t\t\t\t<div class=\"elementor-widget-container\">\n\t\t\t\t\t\t\t\t\t\t\t\t\t\t\t<img decoding=\"async\" width=\"800\" height=\"531\" src=\"https:\/\/www.ricambimoto.pinerolo.torino.it\/wp-content\/uploads\/2022\/09\/954-1024x680.jpg\" class=\"attachment-large size-large wp-image-162\" alt=\"ricambi moto\" srcset=\"https:\/\/www.ricambimoto.pinerolo.torino.it\/wp-content\/uploads\/2022\/09\/954-1024x680.jpg 1024w, https:\/\/www.ricambimoto.pinerolo.torino.it\/wp-content\/uploads\/2022\/09\/954-300x199.jpg 300w, https:\/\/www.ricambimoto.pinerolo.torino.it\/wp-content\/uploads\/2022\/09\/954-768x510.jpg 768w, https:\/\/www.ricambimoto.pinerolo.torino.it\/wp-content\/uploads\/2022\/09\/954.jpg 1237w\" sizes=\"(max-width: 800px) 100vw, 800px\" \/>\t\t\t\t\t\t\t\t\t\t\t\t\t\t\t<\/div>\n\t\t\t\t<\/div>\n\t\t\t\t\t<\/div>\n\t\t<\/div>\n\t\t\t\t\t<\/div>\n\t\t<\/section>\n\t\t\t\t<div class=\"elementor-element elementor-element-c898876 elementor-widget-divider--view-line elementor-widget elementor-widget-divider\" data-id=\"c898876\" data-element_type=\"widget\" data-e-type=\"widget\" data-widget_type=\"divider.default\">\n\t\t\t\t<div class=\"elementor-widget-container\">\n\t\t\t\t\t\t\t<div class=\"elementor-divider\">\n\t\t\t<span class=\"elementor-divider-separator\">\n\t\t\t\t\t\t<\/span>\n\t\t<\/div>\n\t\t\t\t\t\t<\/div>\n\t\t\t\t<\/div>\n\t\t\t\t<section class=\"elementor-section elementor-inner-section elementor-element elementor-element-100586d elementor-section-boxed elementor-section-height-default elementor-section-height-default\" data-id=\"100586d\" data-element_type=\"section\" data-e-type=\"section\" data-settings=\"{&quot;background_background&quot;:&quot;classic&quot;}\">\n\t\t\t\t\t\t<div class=\"elementor-container elementor-column-gap-default\">\n\t\t\t\t\t<div class=\"elementor-column elementor-col-50 elementor-inner-column elementor-element elementor-element-1e591d2\" data-id=\"1e591d2\" data-element_type=\"column\" data-e-type=\"column\">\n\t\t\t<div class=\"elementor-widget-wrap elementor-element-populated\">\n\t\t\t\t\t\t<div class=\"elementor-element elementor-element-9dfd159 elementor-widget elementor-widget-image\" data-id=\"9dfd159\" data-element_type=\"widget\" data-e-type=\"widget\" data-widget_type=\"image.default\">\n\t\t\t\t<div class=\"elementor-widget-container\">\n\t\t\t\t\t\t\t\t\t\t\t\t\t\t\t<img decoding=\"async\" width=\"800\" height=\"530\" src=\"https:\/\/www.ricambimoto.pinerolo.torino.it\/wp-content\/uploads\/2022\/09\/953-1024x679.jpg\" class=\"attachment-large size-large wp-image-72\" alt=\"casco per moto\" srcset=\"https:\/\/www.ricambimoto.pinerolo.torino.it\/wp-content\/uploads\/2022\/09\/953-1024x679.jpg 1024w, https:\/\/www.ricambimoto.pinerolo.torino.it\/wp-content\/uploads\/2022\/09\/953-300x199.jpg 300w, https:\/\/www.ricambimoto.pinerolo.torino.it\/wp-content\/uploads\/2022\/09\/953-768x509.jpg 768w, https:\/\/www.ricambimoto.pinerolo.torino.it\/wp-content\/uploads\/2022\/09\/953.jpg 1246w\" sizes=\"(max-width: 800px) 100vw, 800px\" \/>\t\t\t\t\t\t\t\t\t\t\t\t\t\t\t<\/div>\n\t\t\t\t<\/div>\n\t\t\t\t\t<\/div>\n\t\t<\/div>\n\t\t\t\t<div class=\"elementor-column elementor-col-50 elementor-inner-column elementor-element elementor-element-3182bd2\" data-id=\"3182bd2\" data-element_type=\"column\" data-e-type=\"column\" data-settings=\"{&quot;background_background&quot;:&quot;classic&quot;}\">\n\t\t\t<div class=\"elementor-widget-wrap elementor-element-populated\">\n\t\t\t\t\t\t<div class=\"elementor-element elementor-element-a41b411 elementor-widget elementor-widget-text-editor\" data-id=\"a41b411\" data-element_type=\"widget\" data-e-type=\"widget\" data-widget_type=\"text-editor.default\">\n\t\t\t\t<div class=\"elementor-widget-container\">\n\t\t\t\t\t\t\t\t\t<p>Chi usa la moto in pista ha bisogno di un abbigliamento diverso rispetto a chi si muove in citt\u00e0 con uno scooter. Oraf Motoricambi offre le migliori soluzioni per strada, enduro, trial, castom e multistrada. Vieni in negozio e cerca tra il nostro assortimento l&#8217;articolo che fa per te! <\/p>\t\t\t\t\t\t\t\t<\/div>\n\t\t\t\t<\/div>\n\t\t\t\t\t<\/div>\n\t\t<\/div>\n\t\t\t\t\t<\/div>\n\t\t<\/section>\n\t\t\t\t\t<\/div>\n\t\t<\/div>\n\t\t\t\t\t<\/div>\n\t\t<\/section>\n\t\t\t\t<\/div>\n\t\t","protected":false},"excerpt":{"rendered":"<p>Motoricambi Oraf Pinerolo Da oltre 20 anni leader nel settore dei ricambi moto La passione del sig. Fabrizio Rista per il mondo delle moto e dei motori in generale \u00e8 di lunga data: gi\u00e0 nel 1985, infatti, l\u2019attuale titolare di Motoricambi Oraf a Pinerolo gestiva un\u2019officina di riparazioni moto nella provincia di Torino. Nel 1997 [&hellip;]<\/p>\n","protected":false},"author":1,"featured_media":0,"parent":0,"menu_order":0,"comment_status":"closed","ping_status":"closed","template":"elementor_header_footer","meta":{"footnotes":""},"class_list":["post-9","page","type-page","status-publish","hentry"],"aioseo_notices":[],"_links":{"self":[{"href":"https:\/\/www.ricambimoto.pinerolo.torino.it\/index.php?rest_route=\/wp\/v2\/pages\/9","targetHints":{"allow":["GET"]}}],"collection":[{"href":"https:\/\/www.ricambimoto.pinerolo.torino.it\/index.php?rest_route=\/wp\/v2\/pages"}],"about":[{"href":"https:\/\/www.ricambimoto.pinerolo.torino.it\/index.php?rest_route=\/wp\/v2\/types\/page"}],"author":[{"embeddable":true,"href":"https:\/\/www.ricambimoto.pinerolo.torino.it\/index.php?rest_route=\/wp\/v2\/users\/1"}],"replies":[{"embeddable":true,"href":"https:\/\/www.ricambimoto.pinerolo.torino.it\/index.php?rest_route=%2Fwp%2Fv2%2Fcomments&post=9"}],"version-history":[{"count":95,"href":"https:\/\/www.ricambimoto.pinerolo.torino.it\/index.php?rest_route=\/wp\/v2\/pages\/9\/revisions"}],"predecessor-version":[{"id":406,"href":"https:\/\/www.ricambimoto.pinerolo.torino.it\/index.php?rest_route=\/wp\/v2\/pages\/9\/revisions\/406"}],"wp:attachment":[{"href":"https:\/\/www.ricambimoto.pinerolo.torino.it\/index.php?rest_route=%2Fwp%2Fv2%2Fmedia&parent=9"}],"curies":[{"name":"wp","href":"https:\/\/api.w.org\/{rel}","templated":true}]}}